{"id":300,"date":"2026-02-20T16:10:32","date_gmt":"2026-02-20T16:10:32","guid":{"rendered":"https:\/\/www.aboutmarcandrepepin.com\/faqs\/"},"modified":"2026-02-20T16:10:32","modified_gmt":"2026-02-20T16:10:32","slug":"faqs","status":"publish","type":"page","link":"https:\/\/www.aboutmarcandrepepin.com\/fr\/faqs\/","title":{"rendered":"FAQs"},"content":{"rendered":"<p>[et_pb_section fb_built=\u00a0\u00bb1&Prime; _builder_version=\u00a0\u00bb4.27.5&Prime; _module_preset=\u00a0\u00bbdefault\u00a0\u00bb use_background_color_gradient=\u00a0\u00bbon\u00a0\u00bb background_color_gradient_direction=\u00a0\u00bb135deg\u00a0\u00bb background_color_gradient_stops=\u00a0\u00bb#0f182b 0%|#181818 100%\u00a0\u00bb custom_padding=\u00a0\u00bb150px||150px||true|false\u00a0\u00bb custom_css_main_element=\u00a0\u00bbdisplay: flex;||flex-direction: column;||justify-content: center;\u00a0\u00bb custom_css_free_form=\u00a0\u00bb\/* When logged into WordPress (admin bar = 32px) *\/||body.logged-in selector {||  min-height: calc(100vh); \/* 40 + 32 *\/||}||||\/* For normal visitors (no admin bar) *\/||selector {||  min-height: calc(100vh);||}\u00a0\u00bb locked=\u00a0\u00bboff\u00a0\u00bb global_colors_info=\u00a0\u00bb{}\u00a0\u00bb theme_builder_area=\u00a0\u00bbpost_content\u00a0\u00bb][et_pb_row make_equal=\u00a0\u00bbon\u00a0\u00bb _builder_version=\u00a0\u00bb4.27.5&Prime; _module_preset=\u00a0\u00bbdefault\u00a0\u00bb global_colors_info=\u00a0\u00bb{}\u00a0\u00bb theme_builder_area=\u00a0\u00bbpost_content\u00a0\u00bb][et_pb_column type=\u00a0\u00bb4_4&Prime; _builder_version=\u00a0\u00bb4.27.5&Prime; _module_preset=\u00a0\u00bbdefault\u00a0\u00bb custom_css_main_element=\u00a0\u00bbmargin: auto;\u00a0\u00bb global_colors_info=\u00a0\u00bb{}\u00a0\u00bb theme_builder_area=\u00a0\u00bbpost_content\u00a0\u00bb][et_pb_text _builder_version=\u00a0\u00bb4.27.5&Prime; _module_preset=\u00a0\u00bbdefault\u00a0\u00bb global_colors_info=\u00a0\u00bb{}\u00a0\u00bb theme_builder_area=\u00a0\u00bbpost_content\u00a0\u00bb]<\/p>\n<h1>FAQs<\/h1>\n<p>[\/et_pb_text][et_pb_divider show_divider=\u00a0\u00bboff\u00a0\u00bb _builder_version=\u00a0\u00bb4.27.5&Prime; _module_preset=\u00a0\u00bbdefault\u00a0\u00bb width=\u00a0\u00bb20%\u00a0\u00bb custom_margin=\u00a0\u00bb||30px||false|false\u00a0\u00bb custom_css_main_element=\u00a0\u00bbbackground: linear-gradient(||  to right,||  rgba(255,255,255,1) 0%,||  rgba(255,255,255,0) 100%||) !important;||height: 1px;||\u00a0\u00bb global_colors_info=\u00a0\u00bb{}\u00a0\u00bb theme_builder_area=\u00a0\u00bbpost_content\u00a0\u00bb][\/et_pb_divider][\/et_pb_column][\/et_pb_row][et_pb_row _builder_version=\u00a0\u00bb4.27.5&Prime; _module_preset=\u00a0\u00bbdefault\u00a0\u00bb global_colors_info=\u00a0\u00bb{}\u00a0\u00bb theme_builder_area=\u00a0\u00bbpost_content\u00a0\u00bb][et_pb_column type=\u00a0\u00bb4_4&Prime; _builder_version=\u00a0\u00bb4.27.5&Prime; _module_preset=\u00a0\u00bbdefault\u00a0\u00bb global_colors_info=\u00a0\u00bb{}\u00a0\u00bb theme_builder_area=\u00a0\u00bbpost_content\u00a0\u00bb][et_pb_accordion open_toggle_background_color=\u00a0\u00bbRGBA(255,255,255,0)\u00a0\u00bb closed_toggle_background_color=\u00a0\u00bbRGBA(255,255,255,0)\u00a0\u00bb toggle_icon=\u00a0\u00bbL||divi||400&Prime; icon_color=\u00a0\u00bb#FFFFFF\u00a0\u00bb _builder_version=\u00a0\u00bb4.27.4&Prime; _module_preset=\u00a0\u00bbdefault\u00a0\u00bb hover_enabled=\u00a0\u00bb0&Prime; global_colors_info=\u00a0\u00bb{}\u00a0\u00bb theme_builder_area=\u00a0\u00bbpost_content\u00a0\u00bb sticky_enabled=\u00a0\u00bb0&Prime;][et_pb_accordion_item title=\u00a0\u00bbQu&rsquo;est-ce que le programme CFA (Chartered Financial Analyst) ?\u00a0\u00bb open=\u00a0\u00bbon\u00a0\u00bb open_toggle_text_color=\u00a0\u00bb#FFFFFF\u00a0\u00bb closed_toggle_text_color=\u00a0\u00bb#FFFFFF\u00a0\u00bb _builder_version=\u00a0\u00bb4.27.4&Prime; _module_preset=\u00a0\u00bbdefault\u00a0\u00bb background_color=\u00a0\u00bbRGBA(255,255,255,0)\u00a0\u00bb background_enable_color=\u00a0\u00bbon\u00a0\u00bb hover_enabled=\u00a0\u00bb0&Prime; global_colors_info=\u00a0\u00bb{}\u00a0\u00bb theme_builder_area=\u00a0\u00bbpost_content\u00a0\u00bb sticky_enabled=\u00a0\u00bb0&Prime;]<\/p>\n<p>Certification professionnelle postuniversitaire propos\u00e9e par le CFA Institute, le programme CFA enseigne toute une s\u00e9rie de mati\u00e8res li\u00e9es \u00e0 l&rsquo;analyse avanc\u00e9e des investissements. Celles-ci comprennent les statistiques, la th\u00e9orie des probabilit\u00e9s, l&rsquo;analyse commerciale, les produits d\u00e9riv\u00e9s, les titres \u00e0 revenu fixe, l&rsquo;analyse financi\u00e8re, l&rsquo;\u00e9conomie, la finance d&rsquo;entreprise, la gestion de portefeuille, les investissements alternatifs et l&rsquo;\u00e9thique (applicable au secteur financier). <\/p>\n<p>[\/et_pb_accordion_item][et_pb_accordion_item title=\u00a0\u00bbQu&rsquo;attend-on d&rsquo;un titulaire de la certification CFA ?\u00a0\u00bb open_toggle_text_color=\u00a0\u00bb#FFFFFF\u00a0\u00bb closed_toggle_text_color=\u00a0\u00bb#FFFFFF\u00a0\u00bb _builder_version=\u00a0\u00bb4.27.4&Prime; _module_preset=\u00a0\u00bbdefault\u00a0\u00bb background_color=\u00a0\u00bbRGBA(255,255,255,0)\u00a0\u00bb background_enable_color=\u00a0\u00bbon\u00a0\u00bb hover_enabled=\u00a0\u00bb0&Prime; global_colors_info=\u00a0\u00bb{}\u00a0\u00bb theme_builder_area=\u00a0\u00bbpost_content\u00a0\u00bb open=\u00a0\u00bboff\u00a0\u00bb sticky_enabled=\u00a0\u00bb0&Prime;]<\/p>\n<p>Le titre CFA doit d\u00e9montrer de solides connaissances en gestion avanc\u00e9e de portefeuille et en analyse d&rsquo;investissement. Les titulaires du titre sont tenus de respecter les normes \u00e9thiques les plus strictes et s&rsquo;engagent chaque ann\u00e9e \u00e0 respecter et \u00e0 faire respecter un code de conduite professionnelle rigoureux. Toute violation du code d&rsquo;\u00e9thique de l&rsquo;organisation peut entra\u00eener la suspension du droit d&rsquo;utiliser le titre CFA, la r\u00e9vocation de l&rsquo;adh\u00e9sion ou des sanctions li\u00e9es au secteur.  <\/p>\n<p>[\/et_pb_accordion_item][et_pb_accordion_item title=\u00a0\u00bbComment devenir titulaire de la certification CFA ?\u00a0\u00bb open_toggle_text_color=\u00a0\u00bb#FFFFFF\u00a0\u00bb closed_toggle_text_color=\u00a0\u00bb#FFFFFF\u00a0\u00bb _builder_version=\u00a0\u00bb4.27.4&Prime; _module_preset=\u00a0\u00bbdefault\u00a0\u00bb background_color=\u00a0\u00bbRGBA(255,255,255,0)\u00a0\u00bb background_enable_color=\u00a0\u00bbon\u00a0\u00bb hover_enabled=\u00a0\u00bb0&Prime; global_colors_info=\u00a0\u00bb{}\u00a0\u00bb theme_builder_area=\u00a0\u00bbpost_content\u00a0\u00bb open=\u00a0\u00bboff\u00a0\u00bb sticky_enabled=\u00a0\u00bb0&Prime;]<\/p>\n<p>Pour obtenir le titre de CFA, une personne doit \u00eatre titulaire d&rsquo;un baccalaur\u00e9at (ou \u00e9quivalent) ou \u00eatre en derni\u00e8re ann\u00e9e d&rsquo;un programme menant \u00e0 un dipl\u00f4me, avoir r\u00e9ussi tous les niveaux du programme CFA et avoir accumul\u00e9 au moins 4 000 heures d&rsquo;exp\u00e9rience professionnelle admissible sur une p\u00e9riode d&rsquo;au moins trois ans. La personne doit \u00e9galement fournir deux ou trois lettres de recommandation, \u00eatre membre du CFA Institute et respecter en permanence le code de d\u00e9ontologie et les normes de conduite professionnelle du CFA Institute. Il faut en moyenne quatre ans aux candidats retenus pour obtenir leur certification CFA.  <\/p>\n<p>[\/et_pb_accordion_item][et_pb_accordion_item title=\u00a0\u00bbQu&rsquo;est-ce que la Chartered Alternative Investment Analyst Association (CAIA) ?\u00a0\u00bb open_toggle_text_color=\u00a0\u00bb#FFFFFF\u00a0\u00bb closed_toggle_text_color=\u00a0\u00bb#FFFFFF\u00a0\u00bb _builder_version=\u00a0\u00bb4.27.4&Prime; _module_preset=\u00a0\u00bbdefault\u00a0\u00bb background_color=\u00a0\u00bbRGBA(255,255,255,0)\u00a0\u00bb background_enable_color=\u00a0\u00bbon\u00a0\u00bb hover_enabled=\u00a0\u00bb0&Prime; global_colors_info=\u00a0\u00bb{}\u00a0\u00bb theme_builder_area=\u00a0\u00bbpost_content\u00a0\u00bb open=\u00a0\u00bboff\u00a0\u00bb sticky_enabled=\u00a0\u00bb0&Prime;]<\/p>\n<p>La CAIA a \u00e9t\u00e9 fond\u00e9e en 2002 par le Center for International Securities and Derivatives Markets (CISDM) et l&rsquo;Alternative Investment Management Association (AIMA). En mai 2025, l&rsquo;organisation comptait environ 14 000 membres. Les titulaires de la certification CAIA sont tenus de respecter des normes \u00e9thiques et professionnelles strictes et de maintenir leur adh\u00e9sion \u00e0 l&rsquo;association.  <\/p>\n<p>[\/et_pb_accordion_item][et_pb_accordion_item title=\u00a0\u00bbQue couvre le programme CAIA ?\u00a0\u00bb open_toggle_text_color=\u00a0\u00bb#FFFFFF\u00a0\u00bb closed_toggle_text_color=\u00a0\u00bb#FFFFFF\u00a0\u00bb _builder_version=\u00a0\u00bb4.27.4&Prime; _module_preset=\u00a0\u00bbdefault\u00a0\u00bb background_color=\u00a0\u00bbRGBA(255,255,255,0)\u00a0\u00bb background_enable_color=\u00a0\u00bbon\u00a0\u00bb hover_enabled=\u00a0\u00bb0&Prime; global_colors_info=\u00a0\u00bb{}\u00a0\u00bb theme_builder_area=\u00a0\u00bbpost_content\u00a0\u00bb open=\u00a0\u00bboff\u00a0\u00bb sticky_enabled=\u00a0\u00bb0&Prime;]<\/p>\n<p>Le programme CAIA de niveau 1 couvre les principes \u00e9thiques CAIA, une introduction aux investissements alternatifs, aux actifs r\u00e9els, aux hedge funds, au capital-investissement et \u00e0 la dette priv\u00e9e, aux actifs num\u00e9riques et aux fonds de fonds. Le programme de niveau 2 couvre les th\u00e8mes \u00e9mergents, les principes \u00e9thiques CAIA, les d\u00e9tenteurs d&rsquo;actifs institutionnels, l&rsquo;allocation d&rsquo;actifs, le risque et la gestion des risques, les m\u00e9thodes et mod\u00e8les, l&rsquo;acc\u00e8s aux investissements alternatifs, la diligence raisonnable et la s\u00e9lection des gestionnaires, la volatilit\u00e9 et les strat\u00e9gies complexes, ainsi que les consid\u00e9rations universelles en mati\u00e8re d&rsquo;investissement. <\/p>\n<p>[\/et_pb_accordion_item][et_pb_accordion_item title=\u00a0\u00bbQu&rsquo;est-ce qu&rsquo;une section CAIA ?\u00a0\u00bb open_toggle_text_color=\u00a0\u00bb#FFFFFF\u00a0\u00bb closed_toggle_text_color=\u00a0\u00bb#FFFFFF\u00a0\u00bb _builder_version=\u00a0\u00bb4.27.4&Prime; _module_preset=\u00a0\u00bbdefault\u00a0\u00bb background_color=\u00a0\u00bbRGBA(255,255,255,0)\u00a0\u00bb background_enable_color=\u00a0\u00bbon\u00a0\u00bb hover_enabled=\u00a0\u00bb0&Prime; global_colors_info=\u00a0\u00bb{}\u00a0\u00bb theme_builder_area=\u00a0\u00bbpost_content\u00a0\u00bb open=\u00a0\u00bboff\u00a0\u00bb sticky_enabled=\u00a0\u00bb0&Prime;]<\/p>\n<p>Il existe 35 sections CAIA \u00e0 travers le monde, auxquelles les membres CAIA peuvent adh\u00e9rer d\u00e8s lors qu&rsquo;ils remplissent toutes les conditions d&rsquo;\u00e9ligibilit\u00e9 et les exigences du programme. Les activit\u00e9s des sections comprennent des conf\u00e9rences \u00e9ducatives anim\u00e9es par des experts. <\/p>\n<p>[\/et_pb_accordion_item][\/et_pb_accordion][\/et_pb_column][\/et_pb_row][\/et_pb_section]<\/p>\n","protected":false},"excerpt":{"rendered":"<p>FAQsCertification professionnelle postuniversitaire propos\u00e9e par le CFA Institute, le programme CFA enseigne toute une s\u00e9rie de mati\u00e8res li\u00e9es \u00e0 l&rsquo;analyse avanc\u00e9e des investissements. Celles-ci comprennent les statistiques, la th\u00e9orie des probabilit\u00e9s, l&rsquo;analyse commerciale, les produits d\u00e9riv\u00e9s, les titres \u00e0 revenu fixe, l&rsquo;analyse financi\u00e8re, l&rsquo;\u00e9conomie, la finance d&rsquo;entreprise, la gestion de portefeuille, les investissements alternatifs et [&hellip;]<\/p>\n","protected":false},"author":1,"featured_media":0,"parent":0,"menu_order":0,"comment_status":"closed","ping_status":"closed","template":"","meta":{"_et_pb_use_builder":"on","_et_pb_old_content":"","_et_gb_content_width":"","footnotes":""},"class_list":["post-300","page","type-page","status-publish","hentry"],"yoast_head":"<!-- This site is optimized with the Yoast SEO plugin v27.4 - https:\/\/yoast.com\/product\/yoast-seo-wordpress\/ -->\n<title>FAQs - Marc Andr\u00e9 P\u00e9pin<\/title>\n<meta name=\"robots\" content=\"index, follow, max-snippet:-1, max-image-preview:large, max-video-preview:-1\" \/>\n<link rel=\"canonical\" href=\"https:\/\/www.aboutmarcandrepepin.com\/fr\/faqs\/\" \/>\n<meta property=\"og:locale\" content=\"fr_FR\" \/>\n<meta property=\"og:type\" content=\"article\" \/>\n<meta property=\"og:title\" content=\"FAQs - Marc Andr\u00e9 P\u00e9pin\" \/>\n<meta property=\"og:description\" content=\"FAQsCertification professionnelle postuniversitaire propos\u00e9e par le CFA Institute, le programme CFA enseigne toute une s\u00e9rie de mati\u00e8res li\u00e9es \u00e0 l&#039;analyse avanc\u00e9e des investissements. Celles-ci comprennent les statistiques, la th\u00e9orie des probabilit\u00e9s, l&#039;analyse commerciale, les produits d\u00e9riv\u00e9s, les titres \u00e0 revenu fixe, l&#039;analyse financi\u00e8re, l&#039;\u00e9conomie, la finance d&#039;entreprise, la gestion de portefeuille, les investissements alternatifs et [&hellip;]\" \/>\n<meta property=\"og:url\" content=\"https:\/\/www.aboutmarcandrepepin.com\/fr\/faqs\/\" \/>\n<meta property=\"og:site_name\" content=\"Marc Andr\u00e9 P\u00e9pin\" \/>\n<meta name=\"twitter:card\" content=\"summary_large_image\" \/>\n<meta name=\"twitter:label1\" content=\"Dur\u00e9e de lecture estim\u00e9e\" \/>\n\t<meta name=\"twitter:data1\" content=\"5 minutes\" \/>\n<script type=\"application\/ld+json\" class=\"yoast-schema-graph\">{\"@context\":\"https:\\\/\\\/schema.org\",\"@graph\":[{\"@type\":\"WebPage\",\"@id\":\"https:\\\/\\\/www.aboutmarcandrepepin.com\\\/fr\\\/faqs\\\/\",\"url\":\"https:\\\/\\\/www.aboutmarcandrepepin.com\\\/fr\\\/faqs\\\/\",\"name\":\"FAQs - Marc Andr\u00e9 P\u00e9pin\",\"isPartOf\":{\"@id\":\"https:\\\/\\\/www.aboutmarcandrepepin.com\\\/fr\\\/#website\"},\"datePublished\":\"2026-02-20T16:10:32+00:00\",\"breadcrumb\":{\"@id\":\"https:\\\/\\\/www.aboutmarcandrepepin.com\\\/fr\\\/faqs\\\/#breadcrumb\"},\"inLanguage\":\"fr-FR\",\"potentialAction\":[{\"@type\":\"ReadAction\",\"target\":[\"https:\\\/\\\/www.aboutmarcandrepepin.com\\\/fr\\\/faqs\\\/\"]}]},{\"@type\":\"BreadcrumbList\",\"@id\":\"https:\\\/\\\/www.aboutmarcandrepepin.com\\\/fr\\\/faqs\\\/#breadcrumb\",\"itemListElement\":[{\"@type\":\"ListItem\",\"position\":1,\"name\":\"Home\",\"item\":\"https:\\\/\\\/www.aboutmarcandrepepin.com\\\/fr\\\/\"},{\"@type\":\"ListItem\",\"position\":2,\"name\":\"FAQs\"}]},{\"@type\":\"WebSite\",\"@id\":\"https:\\\/\\\/www.aboutmarcandrepepin.com\\\/fr\\\/#website\",\"url\":\"https:\\\/\\\/www.aboutmarcandrepepin.com\\\/fr\\\/\",\"name\":\"Marc Andr\u00e9 P\u00e9pin\",\"description\":\"This is the blog of Marc Andr&eacute; P&eacute;pin\",\"potentialAction\":[{\"@type\":\"SearchAction\",\"target\":{\"@type\":\"EntryPoint\",\"urlTemplate\":\"https:\\\/\\\/www.aboutmarcandrepepin.com\\\/fr\\\/?s={search_term_string}\"},\"query-input\":{\"@type\":\"PropertyValueSpecification\",\"valueRequired\":true,\"valueName\":\"search_term_string\"}}],\"inLanguage\":\"fr-FR\"}]}<\/script>\n<!-- \/ Yoast SEO plugin. -->","yoast_head_json":{"title":"FAQs - Marc Andr\u00e9 P\u00e9pin","robots":{"index":"index","follow":"follow","max-snippet":"max-snippet:-1","max-image-preview":"max-image-preview:large","max-video-preview":"max-video-preview:-1"},"canonical":"https:\/\/www.aboutmarcandrepepin.com\/fr\/faqs\/","og_locale":"fr_FR","og_type":"article","og_title":"FAQs - Marc Andr\u00e9 P\u00e9pin","og_description":"FAQsCertification professionnelle postuniversitaire propos\u00e9e par le CFA Institute, le programme CFA enseigne toute une s\u00e9rie de mati\u00e8res li\u00e9es \u00e0 l'analyse avanc\u00e9e des investissements. Celles-ci comprennent les statistiques, la th\u00e9orie des probabilit\u00e9s, l'analyse commerciale, les produits d\u00e9riv\u00e9s, les titres \u00e0 revenu fixe, l'analyse financi\u00e8re, l'\u00e9conomie, la finance d'entreprise, la gestion de portefeuille, les investissements alternatifs et [&hellip;]","og_url":"https:\/\/www.aboutmarcandrepepin.com\/fr\/faqs\/","og_site_name":"Marc Andr\u00e9 P\u00e9pin","twitter_card":"summary_large_image","twitter_misc":{"Dur\u00e9e de lecture estim\u00e9e":"5 minutes"},"schema":{"@context":"https:\/\/schema.org","@graph":[{"@type":"WebPage","@id":"https:\/\/www.aboutmarcandrepepin.com\/fr\/faqs\/","url":"https:\/\/www.aboutmarcandrepepin.com\/fr\/faqs\/","name":"FAQs - Marc Andr\u00e9 P\u00e9pin","isPartOf":{"@id":"https:\/\/www.aboutmarcandrepepin.com\/fr\/#website"},"datePublished":"2026-02-20T16:10:32+00:00","breadcrumb":{"@id":"https:\/\/www.aboutmarcandrepepin.com\/fr\/faqs\/#breadcrumb"},"inLanguage":"fr-FR","potentialAction":[{"@type":"ReadAction","target":["https:\/\/www.aboutmarcandrepepin.com\/fr\/faqs\/"]}]},{"@type":"BreadcrumbList","@id":"https:\/\/www.aboutmarcandrepepin.com\/fr\/faqs\/#breadcrumb","itemListElement":[{"@type":"ListItem","position":1,"name":"Home","item":"https:\/\/www.aboutmarcandrepepin.com\/fr\/"},{"@type":"ListItem","position":2,"name":"FAQs"}]},{"@type":"WebSite","@id":"https:\/\/www.aboutmarcandrepepin.com\/fr\/#website","url":"https:\/\/www.aboutmarcandrepepin.com\/fr\/","name":"Marc Andr\u00e9 P\u00e9pin","description":"This is the blog of Marc Andr&eacute; P&eacute;pin","potentialAction":[{"@type":"SearchAction","target":{"@type":"EntryPoint","urlTemplate":"https:\/\/www.aboutmarcandrepepin.com\/fr\/?s={search_term_string}"},"query-input":{"@type":"PropertyValueSpecification","valueRequired":true,"valueName":"search_term_string"}}],"inLanguage":"fr-FR"}]}},"_links":{"self":[{"href":"https:\/\/www.aboutmarcandrepepin.com\/fr\/wp-json\/wp\/v2\/pages\/300","targetHints":{"allow":["GET"]}}],"collection":[{"href":"https:\/\/www.aboutmarcandrepepin.com\/fr\/wp-json\/wp\/v2\/pages"}],"about":[{"href":"https:\/\/www.aboutmarcandrepepin.com\/fr\/wp-json\/wp\/v2\/types\/page"}],"author":[{"embeddable":true,"href":"https:\/\/www.aboutmarcandrepepin.com\/fr\/wp-json\/wp\/v2\/users\/1"}],"replies":[{"embeddable":true,"href":"https:\/\/www.aboutmarcandrepepin.com\/fr\/wp-json\/wp\/v2\/comments?post=300"}],"version-history":[{"count":0,"href":"https:\/\/www.aboutmarcandrepepin.com\/fr\/wp-json\/wp\/v2\/pages\/300\/revisions"}],"wp:attachment":[{"href":"https:\/\/www.aboutmarcandrepepin.com\/fr\/wp-json\/wp\/v2\/media?parent=300"}],"curies":[{"name":"wp","href":"https:\/\/api.w.org\/{rel}","templated":true}]}}